{"id":677,"date":"2022-02-01T11:38:15","date_gmt":"2022-02-01T11:38:15","guid":{"rendered":"https:\/\/green24.ro\/?page_id=677"},"modified":"2022-02-01T11:48:08","modified_gmt":"2022-02-01T11:48:08","slug":"aviz-de-gospodarire-a-apelor","status":"publish","type":"page","link":"https:\/\/www.green24.ro\/index.php\/servicii\/aviz-de-gospodarire-a-apelor\/","title":{"rendered":"Aviz de gospodarire a apelor"},"content":{"rendered":"\n<div style=\"height:30px\" aria-hidden=\"true\" class=\"wp-block-spacer\"><\/div>\n\n\n\n<h4 class=\"wp-block-heading\" id=\"in-vederea-execu\u021biei-\u0219i-sau-func\u021bionarii-\u0219i-sau-exploatarii-lucrarilor-pe-ape-sau-care-au-legatura-cu-apele-operatorii-economici-sunt-obliga\u021bi-sa-ob\u021bina-o-serie-de-documente-in-func\u021bie-de-natura-lucrarii-avizul-autoriza\u021bia-\u0219i-sau-notificarea-pentru-gospodarirea-apelor\" style=\"font-style:normal;font-weight:500\"><strong>\u00cen vederea execu\u021biei \u0219i\/sau func\u021bion\u0103rii \u0219i\/sau exploat\u0103rii lucr\u0103rilor pe ape sau care au leg\u0103tura cu apele, operatorii economici sunt obliga\u021bi s\u0103 ob\u021bin\u0103 o serie de documente \u00een func\u021bie de natura lucr\u0103rii: avizul, autoriza\u021bia \u0219i\/sau notificarea pentru gospod\u0103rirea apelor.<\/strong><\/h4>\n\n\n\n<p>Autoritatea responsabila cu emiterea acestor acte normative este Administratia Nationala \u201eApele Romane\u201d, sau subdiviziunile acesteia: Administratiile Bazinale sau cu Sistemele de Gospodarire a Apelor pentru fiecare judet, in functie de complexitatea lucrarilor.<\/p>\n\n\n\n<p>Din punct de vedere legislativ, obtinerea actelor de reglementare in domeniul apelor este conditionata de Ordinul 828\/2019 \u2013 privind aprobarea Procedurii si competentelor de emitere, modificare si retragere a avizului de gospodarire a apelor, inclusiv procedura de evaluare a impactului asupra corpurilor de apa, a Normativului de continut al documentatiei tehnice supuse avizarii, precum si a Continutului-cadru al Studiului de evaluare a impactului asupra corpurilor de apa.<\/p>\n\n\n\n<h4 class=\"wp-block-heading\" id=\"avizul-de-gospodarire-a-apelor\">Avizul de gospod\u0103rire a apelor <\/h4>\n\n\n\n<p>Este un act de reglementare emis de catre Administratia Nationala \u201eApele Romane\u201d si\/sau de catre subdiviziunile acesteia (Administratiile Bazinale si\/sau Sistemele de Gospodarire a Apelor) pentru executia lucrarilor pe ape si\/sau care au legatura cu apele in diferite domenii de activitate, incluzand obiective noi de investitii, retehnologizarea, modernizarea sau dezvoltarea unor instalatii sau tehnologii existente, etc.<\/p>\n\n\n\n<p>Documentatia necesara in vederea obtinerii Avizului de Gospodarire a Apelor va cuprinde un set de documente\/studii:<\/p>\n\n\n\n<ul class=\"wp-block-list\"><li>Cerere de eliberare<\/li><li>Memoriul tehnic, care va cuprinde date generale si localizarea obiectivului, descrierea zonei de amplasare, breviarul de calcul si anexele grafice (plan de incadrare in zona, plan de situatie, plan de retele apa\/canal), se va specifica scopul investitiei, alegerea celor mai bune tehnici disponibile, dar si descrierea fluxului tehnologic;<\/li><li>Alte documente si studii, la cererea autoritatilor.<\/li><\/ul>\n\n\n\n<h4 class=\"wp-block-heading\" id=\"autorizatia-de-gospodarire-a-apelor\"><strong>Autorizatia de gospodarire a apelor<\/strong>&nbsp;<\/h4>\n\n\n\n<p>Este un act de reglementare emis de catre Administratia Nationala \u201eApele Romane\u201d si\/sau de catre subdiviziunile acesteia (Administratiile Bazinale si\/sau Sistemele de Gospodarire a Apelor) pentru punerea in functiune sau exploatare noi sau pentru cele deja existente pe ape si\/sau au legatura cu apele.<\/p>\n\n\n\n<h4 class=\"wp-block-heading\" id=\"documente-necesare-in-vederea-intocmirii-documenta\u021biei\">Documente necesare \u00een vederea \u00eentocmirii documenta\u021biei<\/h4>\n\n\n\n<ul class=\"wp-block-list\"><li>Cerere de eliberare<\/li><li>Memoriul tehnic, care va cuprinde date generale si localizarea obiectivului, descrierea zonei de amplasare, breviarul de calcul si anexele grafice (plan de incadrare in zona, plan de situatie, plan de retele apa\/canal);<\/li><li>Regulament de intretinere si exploatare<\/li><li>Planul de prevenire si combatere a poluarilor accidentale;<\/li><li>Alte documente si studii, la cererea autoritatilor.<\/li><\/ul>\n\n\n\n<p><strong>Notificarea&nbsp;<\/strong>reprezinta un act de reglementare emis de catre Sistemele de Gospodarire a Apelor (Administratia Nationala \u201eApele Romane\u201d) in baza caruia operatorul economic care este beneficiarul lucrarilor poate sa execute sau sa puna in functiune anumite activitati pe ape si\/sau care au legatura cu apele. Pentru aceste tipuri de activitati nu este necesara obtinerea Avizului sau a Autorizatiei de Gospodarire a Apelor.<\/p>\n\n\n\n<p>In vederea elaborarii documentatiilor pentru obtinerea avizului\/autorizatiilor de gospodarire a apei, Green Environment Support colaboreaza cu firme ce detin acreditare eliberata de catre Ministerul Mediului.<\/p>\n\n\n\n<div style=\"height:50px\" aria-hidden=\"true\" class=\"wp-block-spacer\"><\/div>\n\n\n\n<div class=\"wp-block-buttons is-layout-flex wp-block-buttons-is-layout-flex\">\n<div class=\"wp-block-button\"><a class=\"wp-block-button__link has-background\" href=\"https:\/\/green24.ro\/index.php\/servicii\/\" style=\"background-color:#159529\">Inapoi<\/a><\/div>\n<\/div>\n\n\n\n<div style=\"height:50px\" aria-hidden=\"true\" class=\"wp-block-spacer\"><\/div>\n\n\n<link rel='stylesheet' id='formidable-css' href='https:\/\/www.green24.ro\/wp-content\/plugins\/formidable\/css\/formidableforms.css?ver=4161933' type='text\/css' media='all' \/>\n<div class=\"frm_forms  with_frm_style frm_style_formidable-style\" id=\"frm_form_1_container\" >\n<form enctype=\"multipart\/form-data\" method=\"post\" class=\"frm-show-form \" id=\"form_contact-form\" >\n<div class=\"frm_form_fields \">\n<fieldset>\n<legend class=\"frm_screen_reader\">Contact Us<\/legend>\r\n\r\n<div class=\"frm_fields_container\">\n<input type=\"hidden\" name=\"frm_action\" value=\"create\" \/>\n<input type=\"hidden\" name=\"form_id\" value=\"1\" \/>\n<input type=\"hidden\" name=\"frm_hide_fields_1\" id=\"frm_hide_fields_1\" value=\"\" \/>\n<input type=\"hidden\" name=\"form_key\" value=\"contact-form\" \/>\n<input type=\"hidden\" name=\"item_meta[0]\" value=\"\" \/>\n<input type=\"hidden\" id=\"frm_submit_entry_1\" name=\"frm_submit_entry_1\" value=\"532b307d8f\" \/><input type=\"hidden\" name=\"_wp_http_referer\" value=\"\/index.php\/wp-json\/wp\/v2\/pages\/677\" \/><div id=\"frm_field_20_container\" class=\"frm_form_field form-field  frm_top_container frm_two_thirds\">\r\n    <div  id=\"field_xhze1_label\" class=\"frm_primary_label\">\r\n        <span class=\"frm_required\" aria-hidden=\"true\"><\/span>\r\n    <\/div>\r\n    <fieldset aria-labelledby=\"field_xhze1_label\">\n\t<legend class=\"frm_screen_reader frm_hidden\">\n\t\t\t<\/legend>\n\n\t<div  class=\"frm_combo_inputs_container\" id=\"frm_combo_inputs_container_20\" data-name-layout=\"first_last\">\n\t\t\t\t\t<div\n\t\t\t\tid=\"frm_field_20-first_container\"\n\t\t\t\tclass=\"frm_form_field form-field frm_form_subfield-first  frm6\"\n\t\t\t\tdata-sub-field-name=\"first\"\n\t\t\t>\n\t\t\t\t<label for=\"field_xhze1_first\" class=\"frm_screen_reader frm_hidden\">\n\t\t\t\t\t\t\t\t\t<\/label>\n\n\t\t\t\t<input  type=\"text\" id=\"field_xhze1_first\" value=\"\" name=\"item_meta[20][first]\" autocomplete=\"given-name\" placeholder=\"Nume\" data-invmsg=\"This field is invalid\" aria-invalid=\"false\"  \/>\t\t\t<\/div>\n\t\t\t\t\t\t<div\n\t\t\t\tid=\"frm_field_20-last_container\"\n\t\t\t\tclass=\"frm_form_field form-field frm_form_subfield-last  frm6\"\n\t\t\t\tdata-sub-field-name=\"last\"\n\t\t\t>\n\t\t\t\t<label for=\"field_xhze1_last\" class=\"frm_screen_reader frm_hidden\">\n\t\t\t\t\t\t\t\t\t<\/label>\n\n\t\t\t\t<input  type=\"text\" id=\"field_xhze1_last\" value=\"\" name=\"item_meta[20][last]\" autocomplete=\"family-name\" placeholder=\"Prenume\" data-invmsg=\"This field is invalid\" aria-invalid=\"false\"  \/>\t\t\t<\/div>\n\t\t\t\t<\/div>\n<\/fieldset>\n\r\n    \r\n    \r\n<\/div>\n<div id=\"frm_field_3_container\" class=\"frm_form_field form-field  frm_required_field frm_top_container frm_two_thirds\">\r\n    <label for=\"field_29yf4d\" id=\"field_29yf4d_label\" class=\"frm_primary_label\">\r\n        <span class=\"frm_required\" aria-hidden=\"true\">*<\/span>\r\n    <\/label>\r\n    <input type=\"email\" id=\"field_29yf4d\" name=\"item_meta[3]\" value=\"\"  placeholder=\"E-mail\" data-reqmsg=\"This field cannot be blank.\" aria-required=\"true\" data-invmsg=\"E-mail invalid\" aria-invalid=\"false\"  \/>\r\n    \r\n    \r\n<\/div>\n<div id=\"frm_field_4_container\" class=\"frm_form_field form-field  frm_top_container frm_two_thirds\">\r\n    <label for=\"field_e6lis6\" id=\"field_e6lis6_label\" class=\"frm_primary_label\">\r\n        <span class=\"frm_required\" aria-hidden=\"true\"><\/span>\r\n    <\/label>\r\n    <input type=\"text\" id=\"field_e6lis6\" name=\"item_meta[4]\" value=\"\"  placeholder=\"Subiect\" data-invmsg=\"Subject is invalid\" aria-invalid=\"false\"  \/>\r\n    \r\n    \r\n<\/div>\n<div id=\"frm_field_5_container\" class=\"frm_form_field form-field  frm_required_field frm_top_container frm_two_thirds\">\r\n    <label for=\"field_9jv0r1\" id=\"field_9jv0r1_label\" class=\"frm_primary_label\">\r\n        <span class=\"frm_required\" aria-hidden=\"true\">*<\/span>\r\n    <\/label>\r\n    <textarea name=\"item_meta[5]\" id=\"field_9jv0r1\" rows=\"5\"  placeholder=\"Mesajul tau\" data-reqmsg=\"Continutul nu poate fi gol!\" aria-required=\"true\" data-invmsg=\"This field is invalid\" aria-invalid=\"false\"  ><\/textarea>\r\n    \r\n    \r\n<\/div>\n\t<input type=\"hidden\" name=\"item_key\" value=\"\" \/>\n\t\t\t<div id=\"frm_field_21_container\">\n\t\t\t<label for=\"field_p1u8\" >\n\t\t\t\tIf you are human, leave this field blank.\t\t\t<\/label>\n\t\t\t<input  id=\"field_p1u8\" type=\"text\" class=\"frm_form_field form-field frm_verify\" name=\"item_meta[21]\" value=\"\"  \/>\n\t\t<\/div>\n\t\t<input name=\"frm_state\" type=\"hidden\" value=\"k\/DoaRosQAF3tTHN5v85rX+hYHkm8oMa5GjZpsQqyuo=\" \/><div class=\"frm_submit\">\r\n\r\n<button class=\"frm_button_submit\" type=\"submit\"  >Trimite<\/button>\r\n\r\n<\/div><\/div>\n<\/fieldset>\n<\/div>\n\n<p style=\"display: none !important;\" class=\"akismet-fields-container\" data-prefix=\"ak_\"><label>&#916;<textarea name=\"ak_hp_textarea\" cols=\"45\" rows=\"8\" maxlength=\"100\"><\/textarea><\/label><input type=\"hidden\" id=\"ak_js_1\" name=\"ak_js\" value=\"82\"\/><script>document.getElementById( \"ak_js_1\" ).setAttribute( \"value\", ( new Date() ).getTime() );<\/script><\/p><\/form>\n<\/div>\n","protected":false},"excerpt":{"rendered":"<p>\u00cen vederea execu\u021biei \u0219i\/sau func\u021bion\u0103rii \u0219i\/sau exploat\u0103rii lucr\u0103rilor pe ape sau care au leg\u0103tura cu apele, operatorii economici sunt obliga\u021bi s\u0103 ob\u021bin\u0103 o serie de documente \u00een func\u021bie de natura lucr\u0103rii: avizul, autoriza\u021bia \u0219i\/sau notificarea pentru gospod\u0103rirea apelor. Autoritatea responsabila cu emiterea acestor acte normative este Administratia Nationala \u201eApele Romane\u201d, [&hellip;]<\/p>\n","protected":false},"author":1,"featured_media":0,"parent":49,"menu_order":0,"comment_status":"closed","ping_status":"closed","template":"","meta":{"content-type":"","footnotes":""},"class_list":["post-677","page","type-page","status-publish","hentry"],"yoast_head":"<!-- This site is optimized with the Yoast SEO plugin v24.9 - https:\/\/yoast.com\/wordpress\/plugins\/seo\/ -->\n<title>Aviz de gospodarire a apelor - Green24.ro<\/title>\n<meta name=\"robots\" content=\"index, follow, max-snippet:-1, max-image-preview:large, max-video-preview:-1\" \/>\n<link rel=\"canonical\" href=\"https:\/\/www.green24.ro\/index.php\/servicii\/aviz-de-gospodarire-a-apelor\/\" \/>\n<meta property=\"og:locale\" content=\"en_US\" \/>\n<meta property=\"og:type\" content=\"article\" \/>\n<meta property=\"og:title\" content=\"Aviz de gospodarire a apelor - Green24.ro\" \/>\n<meta property=\"og:description\" content=\"\u00cen vederea execu\u021biei \u0219i\/sau func\u021bion\u0103rii \u0219i\/sau exploat\u0103rii lucr\u0103rilor pe ape sau care au leg\u0103tura cu apele, operatorii economici sunt obliga\u021bi s\u0103 ob\u021bin\u0103 o serie de documente \u00een func\u021bie de natura lucr\u0103rii: avizul, autoriza\u021bia \u0219i\/sau notificarea pentru gospod\u0103rirea apelor. Autoritatea responsabila cu emiterea acestor acte normative este Administratia Nationala \u201eApele Romane\u201d, [&hellip;]\" \/>\n<meta property=\"og:url\" content=\"https:\/\/www.green24.ro\/index.php\/servicii\/aviz-de-gospodarire-a-apelor\/\" \/>\n<meta property=\"og:site_name\" content=\"Green24.ro\" \/>\n<meta property=\"article:publisher\" content=\"https:\/\/www.facebook.com\/green24ro\/\" \/>\n<meta property=\"article:modified_time\" content=\"2022-02-01T11:48:08+00:00\" \/>\n<meta property=\"og:image\" content=\"https:\/\/www.green24.ro\/wp-content\/uploads\/2022\/01\/cropped-green24-15.png\" \/>\n\t<meta property=\"og:image:width\" content=\"1080\" \/>\n\t<meta property=\"og:image:height\" content=\"1080\" \/>\n\t<meta property=\"og:image:type\" content=\"image\/png\" \/>\n<meta name=\"twitter:card\" content=\"summary_large_image\" \/>\n<meta name=\"twitter:label1\" content=\"Est. reading time\" \/>\n\t<meta name=\"twitter:data1\" content=\"2 minutes\" \/>\n<script type=\"application\/ld+json\" class=\"yoast-schema-graph\">{\"@context\":\"https:\/\/schema.org\",\"@graph\":[{\"@type\":\"WebPage\",\"@id\":\"https:\/\/www.green24.ro\/index.php\/servicii\/aviz-de-gospodarire-a-apelor\/\",\"url\":\"https:\/\/www.green24.ro\/index.php\/servicii\/aviz-de-gospodarire-a-apelor\/\",\"name\":\"Aviz de gospodarire a apelor - Green24.ro\",\"isPartOf\":{\"@id\":\"https:\/\/www.green24.ro\/#website\"},\"datePublished\":\"2022-02-01T11:38:15+00:00\",\"dateModified\":\"2022-02-01T11:48:08+00:00\",\"breadcrumb\":{\"@id\":\"https:\/\/www.green24.ro\/index.php\/servicii\/aviz-de-gospodarire-a-apelor\/#breadcrumb\"},\"inLanguage\":\"en-US\",\"potentialAction\":[{\"@type\":\"ReadAction\",\"target\":[\"https:\/\/www.green24.ro\/index.php\/servicii\/aviz-de-gospodarire-a-apelor\/\"]}]},{\"@type\":\"BreadcrumbList\",\"@id\":\"https:\/\/www.green24.ro\/index.php\/servicii\/aviz-de-gospodarire-a-apelor\/#breadcrumb\",\"itemListElement\":[{\"@type\":\"ListItem\",\"position\":1,\"name\":\"Home\",\"item\":\"https:\/\/www.green24.ro\/\"},{\"@type\":\"ListItem\",\"position\":2,\"name\":\"Servicii\",\"item\":\"https:\/\/www.green24.ro\/index.php\/servicii\/\"},{\"@type\":\"ListItem\",\"position\":3,\"name\":\"Aviz de gospodarire a apelor\"}]},{\"@type\":\"WebSite\",\"@id\":\"https:\/\/www.green24.ro\/#website\",\"url\":\"https:\/\/www.green24.ro\/\",\"name\":\"Green24.ro\",\"description\":\"Antreprenoriat verde si responsabilitatea social\u0103\",\"publisher\":{\"@id\":\"https:\/\/www.green24.ro\/#organization\"},\"potentialAction\":[{\"@type\":\"SearchAction\",\"target\":{\"@type\":\"EntryPoint\",\"urlTemplate\":\"https:\/\/www.green24.ro\/?s={search_term_string}\"},\"query-input\":{\"@type\":\"PropertyValueSpecification\",\"valueRequired\":true,\"valueName\":\"search_term_string\"}}],\"inLanguage\":\"en-US\"},{\"@type\":\"Organization\",\"@id\":\"https:\/\/www.green24.ro\/#organization\",\"name\":\"Green24\",\"url\":\"https:\/\/www.green24.ro\/\",\"logo\":{\"@type\":\"ImageObject\",\"inLanguage\":\"en-US\",\"@id\":\"https:\/\/www.green24.ro\/#\/schema\/logo\/image\/\",\"url\":\"https:\/\/www.green24.ro\/wp-content\/uploads\/2022\/02\/green24-17-e1643806452346.png\",\"contentUrl\":\"https:\/\/www.green24.ro\/wp-content\/uploads\/2022\/02\/green24-17-e1643806452346.png\",\"width\":174,\"height\":174,\"caption\":\"Green24\"},\"image\":{\"@id\":\"https:\/\/www.green24.ro\/#\/schema\/logo\/image\/\"},\"sameAs\":[\"https:\/\/www.facebook.com\/green24ro\/\"]}]}<\/script>\n<!-- \/ Yoast SEO plugin. -->","yoast_head_json":{"title":"Aviz de gospodarire a apelor - Green24.ro","robots":{"index":"index","follow":"follow","max-snippet":"max-snippet:-1","max-image-preview":"max-image-preview:large","max-video-preview":"max-video-preview:-1"},"canonical":"https:\/\/www.green24.ro\/index.php\/servicii\/aviz-de-gospodarire-a-apelor\/","og_locale":"en_US","og_type":"article","og_title":"Aviz de gospodarire a apelor - Green24.ro","og_description":"\u00cen vederea execu\u021biei \u0219i\/sau func\u021bion\u0103rii \u0219i\/sau exploat\u0103rii lucr\u0103rilor pe ape sau care au leg\u0103tura cu apele, operatorii economici sunt obliga\u021bi s\u0103 ob\u021bin\u0103 o serie de documente \u00een func\u021bie de natura lucr\u0103rii: avizul, autoriza\u021bia \u0219i\/sau notificarea pentru gospod\u0103rirea apelor. Autoritatea responsabila cu emiterea acestor acte normative este Administratia Nationala \u201eApele Romane\u201d, [&hellip;]","og_url":"https:\/\/www.green24.ro\/index.php\/servicii\/aviz-de-gospodarire-a-apelor\/","og_site_name":"Green24.ro","article_publisher":"https:\/\/www.facebook.com\/green24ro\/","article_modified_time":"2022-02-01T11:48:08+00:00","og_image":[{"width":1080,"height":1080,"url":"https:\/\/www.green24.ro\/wp-content\/uploads\/2022\/01\/cropped-green24-15.png","type":"image\/png"}],"twitter_card":"summary_large_image","twitter_misc":{"Est. reading time":"2 minutes"},"schema":{"@context":"https:\/\/schema.org","@graph":[{"@type":"WebPage","@id":"https:\/\/www.green24.ro\/index.php\/servicii\/aviz-de-gospodarire-a-apelor\/","url":"https:\/\/www.green24.ro\/index.php\/servicii\/aviz-de-gospodarire-a-apelor\/","name":"Aviz de gospodarire a apelor - Green24.ro","isPartOf":{"@id":"https:\/\/www.green24.ro\/#website"},"datePublished":"2022-02-01T11:38:15+00:00","dateModified":"2022-02-01T11:48:08+00:00","breadcrumb":{"@id":"https:\/\/www.green24.ro\/index.php\/servicii\/aviz-de-gospodarire-a-apelor\/#breadcrumb"},"inLanguage":"en-US","potentialAction":[{"@type":"ReadAction","target":["https:\/\/www.green24.ro\/index.php\/servicii\/aviz-de-gospodarire-a-apelor\/"]}]},{"@type":"BreadcrumbList","@id":"https:\/\/www.green24.ro\/index.php\/servicii\/aviz-de-gospodarire-a-apelor\/#breadcrumb","itemListElement":[{"@type":"ListItem","position":1,"name":"Home","item":"https:\/\/www.green24.ro\/"},{"@type":"ListItem","position":2,"name":"Servicii","item":"https:\/\/www.green24.ro\/index.php\/servicii\/"},{"@type":"ListItem","position":3,"name":"Aviz de gospodarire a apelor"}]},{"@type":"WebSite","@id":"https:\/\/www.green24.ro\/#website","url":"https:\/\/www.green24.ro\/","name":"Green24.ro","description":"Antreprenoriat verde si responsabilitatea social\u0103","publisher":{"@id":"https:\/\/www.green24.ro\/#organization"},"potentialAction":[{"@type":"SearchAction","target":{"@type":"EntryPoint","urlTemplate":"https:\/\/www.green24.ro\/?s={search_term_string}"},"query-input":{"@type":"PropertyValueSpecification","valueRequired":true,"valueName":"search_term_string"}}],"inLanguage":"en-US"},{"@type":"Organization","@id":"https:\/\/www.green24.ro\/#organization","name":"Green24","url":"https:\/\/www.green24.ro\/","logo":{"@type":"ImageObject","inLanguage":"en-US","@id":"https:\/\/www.green24.ro\/#\/schema\/logo\/image\/","url":"https:\/\/www.green24.ro\/wp-content\/uploads\/2022\/02\/green24-17-e1643806452346.png","contentUrl":"https:\/\/www.green24.ro\/wp-content\/uploads\/2022\/02\/green24-17-e1643806452346.png","width":174,"height":174,"caption":"Green24"},"image":{"@id":"https:\/\/www.green24.ro\/#\/schema\/logo\/image\/"},"sameAs":["https:\/\/www.facebook.com\/green24ro\/"]}]}},"jetpack_sharing_enabled":true,"_links":{"self":[{"href":"https:\/\/www.green24.ro\/index.php\/wp-json\/wp\/v2\/pages\/677","targetHints":{"allow":["GET"]}}],"collection":[{"href":"https:\/\/www.green24.ro\/index.php\/wp-json\/wp\/v2\/pages"}],"about":[{"href":"https:\/\/www.green24.ro\/index.php\/wp-json\/wp\/v2\/types\/page"}],"author":[{"embeddable":true,"href":"https:\/\/www.green24.ro\/index.php\/wp-json\/wp\/v2\/users\/1"}],"replies":[{"embeddable":true,"href":"https:\/\/www.green24.ro\/index.php\/wp-json\/wp\/v2\/comments?post=677"}],"version-history":[{"count":4,"href":"https:\/\/www.green24.ro\/index.php\/wp-json\/wp\/v2\/pages\/677\/revisions"}],"predecessor-version":[{"id":690,"href":"https:\/\/www.green24.ro\/index.php\/wp-json\/wp\/v2\/pages\/677\/revisions\/690"}],"up":[{"embeddable":true,"href":"https:\/\/www.green24.ro\/index.php\/wp-json\/wp\/v2\/pages\/49"}],"wp:attachment":[{"href":"https:\/\/www.green24.ro\/index.php\/wp-json\/wp\/v2\/media?parent=677"}],"curies":[{"name":"wp","href":"https:\/\/api.w.org\/{rel}","templated":true}]}}