{"id":323,"date":"2022-01-19T11:53:07","date_gmt":"2022-01-19T11:53:07","guid":{"rendered":"https:\/\/green24.ro\/?page_id=323"},"modified":"2022-02-02T13:03:48","modified_gmt":"2022-02-02T13:03:48","slug":"autorizatie-de-mediu","status":"publish","type":"page","link":"https:\/\/www.green24.ro\/index.php\/servicii\/autorizatie-de-mediu\/","title":{"rendered":"Autorizatie de mediu"},"content":{"rendered":"\n<div style=\"height:30px\" aria-hidden=\"true\" class=\"wp-block-spacer\"><\/div>\n\n\n\n<h3 class=\"wp-block-heading\" id=\"autorizatie-de-mediu-ce-este\">Autorizatie de Mediu &#8211; Ce este?<\/h3>\n\n\n\n<p>Condi\u021biile de desf\u0103\u0219urare a activit\u0103\u021bilor cu impact de mediu sunt reglementate de c\u0103tre autorit\u0103\u021bile competente prin emiterea unui act de reglementare denumit&nbsp;<strong>Autoriza\u021bie de Mediu<\/strong>.<\/p>\n\n\n\n<p>In func\u021bie de tipul activit\u0103\u021bii, al echipamentelor\/instala\u021biilor utilizate \u0219i al impactului generat, actul de reglementare emis poate s\u0103 fie&nbsp;<strong>Autoriza\u021bie de mediu<\/strong>&nbsp;sau&nbsp;<strong>Autoriza\u021bie integrata de mediu<\/strong>, diferen\u021ba fiind dat\u0103 \u00een principal de m\u0103surile impuse de autoritate \u00een vederea gestion\u0103rii impactului generat asupra mediului.<strong>&nbsp;<\/strong><\/p>\n\n\n\n<p><strong>AUTORIZATIE INTEGRATA DE MEDIU<\/strong>&nbsp;\u2013 este actul administrativ emis de autoritatea competent\u0103 pentru protec\u021bia mediului, care acord\u0103 dreptul de a exploata \u00een totalitate sau \u00een parte o instala\u021bie, \u00een anumite condi\u021bii, care s\u0103 garanteze c\u0103 instala\u021bia corespunde prevederilor privind prevenirea \u0219i controlul integrat al polu\u0103rii; autoriza\u021bia poate fi emis\u0103 pentru una sau mai multe instala\u021bii ori p\u0103r\u021bi ale acesteia, situate pe acela\u0219i amplasament \u0219i exploatate de acela\u0219i operator.<\/p>\n\n\n\n<p>Emiterea Avizului de Mediu pentru Planuri \u0219i Programe \u0219i Autorizatiei Integrate de Mediu intr\u0103 \u00een competen\u021ba autorit\u0103\u021bii publice centrale pentru protec\u021bia mediului \u0219i a agen\u021biilor regionale de protec\u021bia mediului. Etape din aceste proceduri pot fi delegate autorit\u0103\u021bii locale de protec\u021bie a mediului.<\/p>\n\n\n\n<p>Ob\u021binerea Autoriza\u021biei de Mediu &#8211; pa\u0219i<\/p>\n\n\n\n<ol class=\"wp-block-list\"><li>Ob\u021binerea certificatului constatator pentru punctul de lucru al firmei \u0219i codurile CAEN ale activit\u0103\u021bilor din acel punct de lucru<\/li><li>Verificarea \u00een&nbsp;<a rel=\"noreferrer noopener\" href=\"https:\/\/stratos.ro\/wp-content\/uploads\/2020\/09\/LISTA-activit%C4%83%C8%9Bilor-supuse-procedurii-de-emitere-a-autoriza%C8%9Biei-de-mediu.pdf\" target=\"_blank\">Anexa 1 din OM 1798\/2007<\/a>&nbsp;dac\u0103 respectivele coduri CAEN necesit\u0103 Autoriza\u021bie de Mediu<\/li><li>\u00cen cazul \u00een care activit\u0103\u021bile necesit\u0103 Autoriza\u021bie de Mediu, se parcurg pa\u0219ii depunerii dosarului de solicitare la autoritatea competent\u0103 (ANPM, APM sau Administra\u021bia Rezerva\u021biei Biosferei \u201eDelta Dun\u0103rii\u201d \u00een cazul \u00een care activitatea este desf\u0103\u0219urat\u0103 \u00een perimetrul Rezerva\u021biei)<\/li><li>Vizita pe amplasament \u00een vederea verific\u0103rii de c\u0103tre reprezentantul APM a condi\u021biilor de desf\u0103\u0219urare a activit\u0103\u021bilor pentru care se solicit\u0103 Autoriza\u021bia de Mediu. Se evalueaz\u0103 dot\u0103rile, vecin\u0103t\u0103\u021bile, condi\u021biile existente de mediu, etc. Acestea trebuie s\u0103 corespund\u0103 cu cele prezentate \u00een documenta\u021bia depus\u0103.<\/li><li>Dac\u0103 este o activitate nou\u0103, dup\u0103 parcurgerea etapelor men\u021bionate anterior, APM public\u0103 decizia de emitere. Dac\u0103 nu exist\u0103 contesta\u021bii, autoriza\u021bia se poate emite \u00een maxim 90 zile lucr\u0103toare de la data depunerii complete a dosarului.<\/li><li>Dac\u0103 Autoriza\u021bia de Mediu este solicitat\u0103 pentru o activitate existent\u0103 deja, procedura poate diferi. APM poate solicita un Bilan\u021b de Mediu.<\/li><li>Se recomand\u0103 apelarea la un serviciu externalizat de Consiliere de Mediu \u00eentruc\u00e2t procedurile sunt complexe \u0219i necesit\u0103 expertiz\u0103.<\/li><\/ol>\n\n\n\n<h3 class=\"wp-block-heading\" id=\"autorizatie-de-mediu-acte-necesare\">Autorizatie de Mediu &#8211; Acte necesare<\/h3>\n\n\n\n<p>Dosarul de solicitare pentru Autoriza\u021bia de Mediu trebuie s\u0103 con\u021bin\u0103 minim urm\u0103toarele documente:<\/p>\n\n\n\n<ul class=\"wp-block-list\"><li>Cerere pentru eliberarea autoriza\u021biei;<\/li><li>Fi\u0219a de prezentare \u0219i declara\u021bie (se recomand\u0103 solicitarea ajutorului unui expert de mediu pentru a evita complet\u0103ri ulterioare \u0219i prelungirea duratei de ob\u021binere a autoriza\u021biei);<\/li><li>Dovada mediatiz\u0103rii inten\u021biei de realizare a activit\u0103\u021bii pentru care se solicit\u0103 autoriza\u021bie de mediu;<\/li><li>Certificat de \u00eenregistrare al firmei (CUI);<\/li><li>Certificat constatator emis de ORC;<\/li><li>Dovada de\u021binerii spa\u021biului (contract de v\u00e2nzare- cump\u0103rare, \u00eenchiriere, comodat, etc.);<\/li><li>Planul de situa\u021bie a obiectivului\/ amplasamentului (plan anex\u0103 la certificatul de urbanism);<\/li><li>Planul de \u00eencadrare \u00een zon\u0103 a obiectivului (plan anex\u0103 la certificatul de urbanism);<\/li><li>Procesul-verbal de constatare a respect\u0103rii tuturor condi\u0163iilor impuse prin acordul de mediu (dac\u0103 exist\u0103 acord de mediu), formularul de \u00eenregistrare \u00eenso\u021bit de documentele specificate de acesta, pentru autorizarea activit\u0103\u021bii centrelor de reabilitare \u0219i\/sau \u00eengrijire (dac\u0103 este cazul);<\/li><li>Dovada pl\u0103\u021bii tarifului de parcurgere a procedurii de autorizare. Tariful pentru evaluarea documenta\u0163iei \u00een vederea emiterii autoriza\u0163iei de mediu este de 500 lei \u0219i se poate achita prin ordin de plat\u0103 sau prin mandat po\u0219tal.<\/li><li>Alte documente \u00een func\u021bie de complexitatea activit\u0103\u021bii, condi\u021biile de amplasament, alte avize sau autoriza\u021bii necesare (acord preluare ape uzate, avize ISU, autoriza\u021bie de gospod\u0103rire a apelor, etc.)<\/li><\/ul>\n\n\n\n<div style=\"height:40px\" aria-hidden=\"true\" class=\"wp-block-spacer\"><\/div>\n\n\n\n<div class=\"wp-block-buttons is-layout-flex wp-block-buttons-is-layout-flex\">\n<div class=\"wp-block-button\"><a class=\"wp-block-button__link has-background\" href=\"https:\/\/green24.ro\/index.php\/servicii\/\" style=\"background-color:#0aa302\">Inapoi<\/a><\/div>\n<\/div>\n\n\n\n<div style=\"height:50px\" aria-hidden=\"true\" class=\"wp-block-spacer\"><\/div>\n\n\n<link rel='stylesheet' id='formidable-css' href='https:\/\/www.green24.ro\/wp-content\/plugins\/formidable\/css\/formidableforms.css?ver=4161933' type='text\/css' media='all' \/>\n<div class=\"frm_forms  with_frm_style frm_style_formidable-style\" id=\"frm_form_1_container\" >\n<form enctype=\"multipart\/form-data\" method=\"post\" class=\"frm-show-form \" id=\"form_contact-form\" >\n<div class=\"frm_form_fields \">\n<fieldset>\n<legend class=\"frm_screen_reader\">Contact Us<\/legend>\r\n\r\n<div class=\"frm_fields_container\">\n<input type=\"hidden\" name=\"frm_action\" value=\"create\" \/>\n<input type=\"hidden\" name=\"form_id\" value=\"1\" \/>\n<input type=\"hidden\" name=\"frm_hide_fields_1\" id=\"frm_hide_fields_1\" value=\"\" \/>\n<input type=\"hidden\" name=\"form_key\" value=\"contact-form\" \/>\n<input type=\"hidden\" name=\"item_meta[0]\" value=\"\" \/>\n<input type=\"hidden\" id=\"frm_submit_entry_1\" name=\"frm_submit_entry_1\" value=\"532b307d8f\" \/><input type=\"hidden\" name=\"_wp_http_referer\" value=\"\/index.php\/wp-json\/wp\/v2\/pages\/323\" \/><div id=\"frm_field_20_container\" class=\"frm_form_field form-field  frm_top_container frm_two_thirds\">\r\n    <div  id=\"field_xhze1_label\" class=\"frm_primary_label\">\r\n        <span class=\"frm_required\" aria-hidden=\"true\"><\/span>\r\n    <\/div>\r\n    <fieldset aria-labelledby=\"field_xhze1_label\">\n\t<legend class=\"frm_screen_reader frm_hidden\">\n\t\t\t<\/legend>\n\n\t<div  class=\"frm_combo_inputs_container\" id=\"frm_combo_inputs_container_20\" data-name-layout=\"first_last\">\n\t\t\t\t\t<div\n\t\t\t\tid=\"frm_field_20-first_container\"\n\t\t\t\tclass=\"frm_form_field form-field frm_form_subfield-first  frm6\"\n\t\t\t\tdata-sub-field-name=\"first\"\n\t\t\t>\n\t\t\t\t<label for=\"field_xhze1_first\" class=\"frm_screen_reader frm_hidden\">\n\t\t\t\t\t\t\t\t\t<\/label>\n\n\t\t\t\t<input  type=\"text\" id=\"field_xhze1_first\" value=\"\" name=\"item_meta[20][first]\" autocomplete=\"given-name\" placeholder=\"Nume\" data-invmsg=\"This field is invalid\" aria-invalid=\"false\"  \/>\t\t\t<\/div>\n\t\t\t\t\t\t<div\n\t\t\t\tid=\"frm_field_20-last_container\"\n\t\t\t\tclass=\"frm_form_field form-field frm_form_subfield-last  frm6\"\n\t\t\t\tdata-sub-field-name=\"last\"\n\t\t\t>\n\t\t\t\t<label for=\"field_xhze1_last\" class=\"frm_screen_reader frm_hidden\">\n\t\t\t\t\t\t\t\t\t<\/label>\n\n\t\t\t\t<input  type=\"text\" id=\"field_xhze1_last\" value=\"\" name=\"item_meta[20][last]\" autocomplete=\"family-name\" placeholder=\"Prenume\" data-invmsg=\"This field is invalid\" aria-invalid=\"false\"  \/>\t\t\t<\/div>\n\t\t\t\t<\/div>\n<\/fieldset>\n\r\n    \r\n    \r\n<\/div>\n<div id=\"frm_field_3_container\" class=\"frm_form_field form-field  frm_required_field frm_top_container frm_two_thirds\">\r\n    <label for=\"field_29yf4d\" id=\"field_29yf4d_label\" class=\"frm_primary_label\">\r\n        <span class=\"frm_required\" aria-hidden=\"true\">*<\/span>\r\n    <\/label>\r\n    <input type=\"email\" id=\"field_29yf4d\" name=\"item_meta[3]\" value=\"\"  placeholder=\"E-mail\" data-reqmsg=\"This field cannot be blank.\" aria-required=\"true\" data-invmsg=\"E-mail invalid\" aria-invalid=\"false\"  \/>\r\n    \r\n    \r\n<\/div>\n<div id=\"frm_field_4_container\" class=\"frm_form_field form-field  frm_top_container frm_two_thirds\">\r\n    <label for=\"field_e6lis6\" id=\"field_e6lis6_label\" class=\"frm_primary_label\">\r\n        <span class=\"frm_required\" aria-hidden=\"true\"><\/span>\r\n    <\/label>\r\n    <input type=\"text\" id=\"field_e6lis6\" name=\"item_meta[4]\" value=\"\"  placeholder=\"Subiect\" data-invmsg=\"Subject is invalid\" aria-invalid=\"false\"  \/>\r\n    \r\n    \r\n<\/div>\n<div id=\"frm_field_5_container\" class=\"frm_form_field form-field  frm_required_field frm_top_container frm_two_thirds\">\r\n    <label for=\"field_9jv0r1\" id=\"field_9jv0r1_label\" class=\"frm_primary_label\">\r\n        <span class=\"frm_required\" aria-hidden=\"true\">*<\/span>\r\n    <\/label>\r\n    <textarea name=\"item_meta[5]\" id=\"field_9jv0r1\" rows=\"5\"  placeholder=\"Mesajul tau\" data-reqmsg=\"Continutul nu poate fi gol!\" aria-required=\"true\" data-invmsg=\"This field is invalid\" aria-invalid=\"false\"  ><\/textarea>\r\n    \r\n    \r\n<\/div>\n\t<input type=\"hidden\" name=\"item_key\" value=\"\" \/>\n\t\t\t<div id=\"frm_field_21_container\">\n\t\t\t<label for=\"field_t4j27\" >\n\t\t\t\tIf you are human, leave this field blank.\t\t\t<\/label>\n\t\t\t<input  id=\"field_t4j27\" type=\"text\" class=\"frm_form_field form-field frm_verify\" name=\"item_meta[21]\" value=\"\"  \/>\n\t\t<\/div>\n\t\t<input name=\"frm_state\" type=\"hidden\" value=\"k\/DoaRosQAF3tTHN5v85rX+hYHkm8oMa5GjZpsQqyuo=\" \/><div class=\"frm_submit\">\r\n\r\n<button class=\"frm_button_submit\" type=\"submit\"  >Trimite<\/button>\r\n\r\n<\/div><\/div>\n<\/fieldset>\n<\/div>\n\n<p style=\"display: none !important;\" class=\"akismet-fields-container\" data-prefix=\"ak_\"><label>&#916;<textarea name=\"ak_hp_textarea\" cols=\"45\" rows=\"8\" maxlength=\"100\"><\/textarea><\/label><input type=\"hidden\" id=\"ak_js_1\" name=\"ak_js\" value=\"84\"\/><script>document.getElementById( \"ak_js_1\" ).setAttribute( \"value\", ( new Date() ).getTime() );<\/script><\/p><\/form>\n<\/div>\n\n\n\n<div style=\"height:30px\" aria-hidden=\"true\" class=\"wp-block-spacer\"><\/div>\n\n\n\n\n","protected":false},"excerpt":{"rendered":"<p>Autorizatie de Mediu &#8211; Ce este? Condi\u021biile de desf\u0103\u0219urare a activit\u0103\u021bilor cu impact de mediu sunt reglementate de c\u0103tre autorit\u0103\u021bile competente prin emiterea unui act de reglementare denumit&nbsp;Autoriza\u021bie de Mediu. In func\u021bie de tipul activit\u0103\u021bii, al echipamentelor\/instala\u021biilor utilizate \u0219i al impactului generat, actul de reglementare emis poate s\u0103 fie&nbsp;Autoriza\u021bie de [&hellip;]<\/p>\n","protected":false},"author":1,"featured_media":0,"parent":49,"menu_order":0,"comment_status":"closed","ping_status":"closed","template":"","meta":{"content-type":"","footnotes":""},"class_list":["post-323","page","type-page","status-publish","hentry"],"yoast_head":"<!-- This site is optimized with the Yoast SEO plugin v24.9 - https:\/\/yoast.com\/wordpress\/plugins\/seo\/ -->\n<title>Autorizatie de mediu - Green24.ro<\/title>\n<meta name=\"robots\" content=\"index, follow, max-snippet:-1, max-image-preview:large, max-video-preview:-1\" \/>\n<link rel=\"canonical\" href=\"https:\/\/www.green24.ro\/index.php\/servicii\/autorizatie-de-mediu\/\" \/>\n<meta property=\"og:locale\" content=\"en_US\" \/>\n<meta property=\"og:type\" content=\"article\" \/>\n<meta property=\"og:title\" content=\"Autorizatie de mediu - Green24.ro\" \/>\n<meta property=\"og:description\" content=\"Autorizatie de Mediu &#8211; Ce este? Condi\u021biile de desf\u0103\u0219urare a activit\u0103\u021bilor cu impact de mediu sunt reglementate de c\u0103tre autorit\u0103\u021bile competente prin emiterea unui act de reglementare denumit&nbsp;Autoriza\u021bie de Mediu. In func\u021bie de tipul activit\u0103\u021bii, al echipamentelor\/instala\u021biilor utilizate \u0219i al impactului generat, actul de reglementare emis poate s\u0103 fie&nbsp;Autoriza\u021bie de [&hellip;]\" \/>\n<meta property=\"og:url\" content=\"https:\/\/www.green24.ro\/index.php\/servicii\/autorizatie-de-mediu\/\" \/>\n<meta property=\"og:site_name\" content=\"Green24.ro\" \/>\n<meta property=\"article:publisher\" content=\"https:\/\/www.facebook.com\/green24ro\/\" \/>\n<meta property=\"article:modified_time\" content=\"2022-02-02T13:03:48+00:00\" \/>\n<meta property=\"og:image\" content=\"https:\/\/www.green24.ro\/wp-content\/uploads\/2022\/01\/cropped-green24-15.png\" \/>\n\t<meta property=\"og:image:width\" content=\"1080\" \/>\n\t<meta property=\"og:image:height\" content=\"1080\" \/>\n\t<meta property=\"og:image:type\" content=\"image\/png\" \/>\n<meta name=\"twitter:card\" content=\"summary_large_image\" \/>\n<meta name=\"twitter:label1\" content=\"Est. reading time\" \/>\n\t<meta name=\"twitter:data1\" content=\"3 minutes\" \/>\n<script type=\"application\/ld+json\" class=\"yoast-schema-graph\">{\"@context\":\"https:\/\/schema.org\",\"@graph\":[{\"@type\":\"WebPage\",\"@id\":\"https:\/\/www.green24.ro\/index.php\/servicii\/autorizatie-de-mediu\/\",\"url\":\"https:\/\/www.green24.ro\/index.php\/servicii\/autorizatie-de-mediu\/\",\"name\":\"Autorizatie de mediu - Green24.ro\",\"isPartOf\":{\"@id\":\"https:\/\/www.green24.ro\/#website\"},\"datePublished\":\"2022-01-19T11:53:07+00:00\",\"dateModified\":\"2022-02-02T13:03:48+00:00\",\"breadcrumb\":{\"@id\":\"https:\/\/www.green24.ro\/index.php\/servicii\/autorizatie-de-mediu\/#breadcrumb\"},\"inLanguage\":\"en-US\",\"potentialAction\":[{\"@type\":\"ReadAction\",\"target\":[\"https:\/\/www.green24.ro\/index.php\/servicii\/autorizatie-de-mediu\/\"]}]},{\"@type\":\"BreadcrumbList\",\"@id\":\"https:\/\/www.green24.ro\/index.php\/servicii\/autorizatie-de-mediu\/#breadcrumb\",\"itemListElement\":[{\"@type\":\"ListItem\",\"position\":1,\"name\":\"Home\",\"item\":\"https:\/\/www.green24.ro\/\"},{\"@type\":\"ListItem\",\"position\":2,\"name\":\"Servicii\",\"item\":\"https:\/\/www.green24.ro\/index.php\/servicii\/\"},{\"@type\":\"ListItem\",\"position\":3,\"name\":\"Autorizatie de mediu\"}]},{\"@type\":\"WebSite\",\"@id\":\"https:\/\/www.green24.ro\/#website\",\"url\":\"https:\/\/www.green24.ro\/\",\"name\":\"Green24.ro\",\"description\":\"Antreprenoriat verde si responsabilitatea social\u0103\",\"publisher\":{\"@id\":\"https:\/\/www.green24.ro\/#organization\"},\"potentialAction\":[{\"@type\":\"SearchAction\",\"target\":{\"@type\":\"EntryPoint\",\"urlTemplate\":\"https:\/\/www.green24.ro\/?s={search_term_string}\"},\"query-input\":{\"@type\":\"PropertyValueSpecification\",\"valueRequired\":true,\"valueName\":\"search_term_string\"}}],\"inLanguage\":\"en-US\"},{\"@type\":\"Organization\",\"@id\":\"https:\/\/www.green24.ro\/#organization\",\"name\":\"Green24\",\"url\":\"https:\/\/www.green24.ro\/\",\"logo\":{\"@type\":\"ImageObject\",\"inLanguage\":\"en-US\",\"@id\":\"https:\/\/www.green24.ro\/#\/schema\/logo\/image\/\",\"url\":\"https:\/\/www.green24.ro\/wp-content\/uploads\/2022\/02\/green24-17-e1643806452346.png\",\"contentUrl\":\"https:\/\/www.green24.ro\/wp-content\/uploads\/2022\/02\/green24-17-e1643806452346.png\",\"width\":174,\"height\":174,\"caption\":\"Green24\"},\"image\":{\"@id\":\"https:\/\/www.green24.ro\/#\/schema\/logo\/image\/\"},\"sameAs\":[\"https:\/\/www.facebook.com\/green24ro\/\"]}]}<\/script>\n<!-- \/ Yoast SEO plugin. -->","yoast_head_json":{"title":"Autorizatie de mediu - Green24.ro","robots":{"index":"index","follow":"follow","max-snippet":"max-snippet:-1","max-image-preview":"max-image-preview:large","max-video-preview":"max-video-preview:-1"},"canonical":"https:\/\/www.green24.ro\/index.php\/servicii\/autorizatie-de-mediu\/","og_locale":"en_US","og_type":"article","og_title":"Autorizatie de mediu - Green24.ro","og_description":"Autorizatie de Mediu &#8211; Ce este? Condi\u021biile de desf\u0103\u0219urare a activit\u0103\u021bilor cu impact de mediu sunt reglementate de c\u0103tre autorit\u0103\u021bile competente prin emiterea unui act de reglementare denumit&nbsp;Autoriza\u021bie de Mediu. In func\u021bie de tipul activit\u0103\u021bii, al echipamentelor\/instala\u021biilor utilizate \u0219i al impactului generat, actul de reglementare emis poate s\u0103 fie&nbsp;Autoriza\u021bie de [&hellip;]","og_url":"https:\/\/www.green24.ro\/index.php\/servicii\/autorizatie-de-mediu\/","og_site_name":"Green24.ro","article_publisher":"https:\/\/www.facebook.com\/green24ro\/","article_modified_time":"2022-02-02T13:03:48+00:00","og_image":[{"width":1080,"height":1080,"url":"https:\/\/www.green24.ro\/wp-content\/uploads\/2022\/01\/cropped-green24-15.png","type":"image\/png"}],"twitter_card":"summary_large_image","twitter_misc":{"Est. reading time":"3 minutes"},"schema":{"@context":"https:\/\/schema.org","@graph":[{"@type":"WebPage","@id":"https:\/\/www.green24.ro\/index.php\/servicii\/autorizatie-de-mediu\/","url":"https:\/\/www.green24.ro\/index.php\/servicii\/autorizatie-de-mediu\/","name":"Autorizatie de mediu - Green24.ro","isPartOf":{"@id":"https:\/\/www.green24.ro\/#website"},"datePublished":"2022-01-19T11:53:07+00:00","dateModified":"2022-02-02T13:03:48+00:00","breadcrumb":{"@id":"https:\/\/www.green24.ro\/index.php\/servicii\/autorizatie-de-mediu\/#breadcrumb"},"inLanguage":"en-US","potentialAction":[{"@type":"ReadAction","target":["https:\/\/www.green24.ro\/index.php\/servicii\/autorizatie-de-mediu\/"]}]},{"@type":"BreadcrumbList","@id":"https:\/\/www.green24.ro\/index.php\/servicii\/autorizatie-de-mediu\/#breadcrumb","itemListElement":[{"@type":"ListItem","position":1,"name":"Home","item":"https:\/\/www.green24.ro\/"},{"@type":"ListItem","position":2,"name":"Servicii","item":"https:\/\/www.green24.ro\/index.php\/servicii\/"},{"@type":"ListItem","position":3,"name":"Autorizatie de mediu"}]},{"@type":"WebSite","@id":"https:\/\/www.green24.ro\/#website","url":"https:\/\/www.green24.ro\/","name":"Green24.ro","description":"Antreprenoriat verde si responsabilitatea social\u0103","publisher":{"@id":"https:\/\/www.green24.ro\/#organization"},"potentialAction":[{"@type":"SearchAction","target":{"@type":"EntryPoint","urlTemplate":"https:\/\/www.green24.ro\/?s={search_term_string}"},"query-input":{"@type":"PropertyValueSpecification","valueRequired":true,"valueName":"search_term_string"}}],"inLanguage":"en-US"},{"@type":"Organization","@id":"https:\/\/www.green24.ro\/#organization","name":"Green24","url":"https:\/\/www.green24.ro\/","logo":{"@type":"ImageObject","inLanguage":"en-US","@id":"https:\/\/www.green24.ro\/#\/schema\/logo\/image\/","url":"https:\/\/www.green24.ro\/wp-content\/uploads\/2022\/02\/green24-17-e1643806452346.png","contentUrl":"https:\/\/www.green24.ro\/wp-content\/uploads\/2022\/02\/green24-17-e1643806452346.png","width":174,"height":174,"caption":"Green24"},"image":{"@id":"https:\/\/www.green24.ro\/#\/schema\/logo\/image\/"},"sameAs":["https:\/\/www.facebook.com\/green24ro\/"]}]}},"jetpack_sharing_enabled":true,"_links":{"self":[{"href":"https:\/\/www.green24.ro\/index.php\/wp-json\/wp\/v2\/pages\/323","targetHints":{"allow":["GET"]}}],"collection":[{"href":"https:\/\/www.green24.ro\/index.php\/wp-json\/wp\/v2\/pages"}],"about":[{"href":"https:\/\/www.green24.ro\/index.php\/wp-json\/wp\/v2\/types\/page"}],"author":[{"embeddable":true,"href":"https:\/\/www.green24.ro\/index.php\/wp-json\/wp\/v2\/users\/1"}],"replies":[{"embeddable":true,"href":"https:\/\/www.green24.ro\/index.php\/wp-json\/wp\/v2\/comments?post=323"}],"version-history":[{"count":8,"href":"https:\/\/www.green24.ro\/index.php\/wp-json\/wp\/v2\/pages\/323\/revisions"}],"predecessor-version":[{"id":716,"href":"https:\/\/www.green24.ro\/index.php\/wp-json\/wp\/v2\/pages\/323\/revisions\/716"}],"up":[{"embeddable":true,"href":"https:\/\/www.green24.ro\/index.php\/wp-json\/wp\/v2\/pages\/49"}],"wp:attachment":[{"href":"https:\/\/www.green24.ro\/index.php\/wp-json\/wp\/v2\/media?parent=323"}],"curies":[{"name":"wp","href":"https:\/\/api.w.org\/{rel}","templated":true}]}}