{"id":236,"date":"2022-01-17T19:14:31","date_gmt":"2022-01-17T19:14:31","guid":{"rendered":"https:\/\/green24.ro\/?page_id=236"},"modified":"2022-02-02T13:02:53","modified_gmt":"2022-02-02T13:02:53","slug":"acord-de-mediu","status":"publish","type":"page","link":"https:\/\/www.green24.ro\/index.php\/servicii\/acord-de-mediu\/","title":{"rendered":"Acord de mediu"},"content":{"rendered":"\n<h3 class=\"wp-block-heading\" id=\"ce-este-un-acord-de-mediu\"><strong>Ce este un Acord de Mediu?<\/strong><\/h3>\n\n\n\n<p>Un&nbsp;<strong>Acord de Mediu<\/strong>&nbsp;este un act administrativ emis de c\u0103tre Agen\u021bia Na\u021bional\u0103 de Protec\u021bia Mediului (ANPM), solicitat \u00eenainte de \u00eenceperea realiz\u0103rii unui proiect, prin care sunt stabilite condi\u021biile \u0219i, dup\u0103 caz, m\u0103surile pentru protec\u021bia mediului ce trebuie respectate \u00een cadrul proiectului respectiv.<\/p>\n\n\n\n<h3 class=\"wp-block-heading\" id=\"la-ce-folose\u0219te-un-acord-de-mediu\"><strong>La ce folose\u0219te un Acord de Mediu?<\/strong><\/h3>\n\n\n\n<p>Ob\u021binerea acestui Acord de Mediu este obligatorie \u00eenaintea demar\u0103rii oric\u0103rui proiect public ori privat sau pentru modificarea ori extinderea activit\u0103\u021bilor existente, care pot avea impact semnificativ asupra mediului, fiind necesar\u0103 \u00een anumite cazuri, identificarea si evaluarea impactului asupra mediului prin parcurgerea etapelor prev\u0103zute \u00een legisla\u021bie.<\/p>\n\n\n\n<h3 class=\"wp-block-heading\" id=\"acordul-de-mediu-este-valabil-pe-intreaga-perioada-a-punerii-in-aplicare-a-proiectului\"><strong>Acordul de Mediu este valabil pe \u00eentreaga perioad\u0103 a punerii \u00een aplicare a proiectului.<\/strong><\/h3>\n\n\n\n<p><strong>Transferul Acordului de Mediu<\/strong>&nbsp;c\u0103tre o alt\u0103 societate se poate face dac\u0103 noul titular implementeaz\u0103 proiectul \u00een acelea\u0219i condi\u021bii pentru care a fost emis Acordul de Mediu.<\/p>\n\n\n\n<h3 class=\"wp-block-heading\" id=\"acord-de-mediu-sanc\u021biuni\"><strong>Acord de Mediu &#8211; Sanc\u021biuni<\/strong><\/h3>\n\n\n\n<p>Cele mai importante \u0219i frecvente penalit\u0103\u021bi aplicate agen\u021bilor economici care de\u021bin acte de reglementare sunt urm\u0103toarele:<\/p>\n\n\n\n<ol class=\"wp-block-list\"><li>Pentru nerespectarea obliga\u021biilor pe care persoanele fizice \u0219i juridice le au, de a furniza \u0219i\/sau utiliza informa\u021bii corecte pentru elaborarea&nbsp;<a href=\"https:\/\/stratos.ro\/evaluare-adecvata\/\">evalu\u0103rilor de mediu<\/a>, evalu\u0103rilor impactului asupra mediului, a&nbsp;<a rel=\"noreferrer noopener\" href=\"https:\/\/stratos.ro\/bilant-de-mediu\/\" target=\"_blank\">bilan\u021burilor de mediu<\/a>&nbsp;\u0219i a&nbsp;<a rel=\"noreferrer noopener\" href=\"https:\/\/stratos.ro\/raport-de-amplasament\/\" target=\"_blank\">rapoartelor de amplasament.<\/a>&nbsp;\u00cen aceste cazuri, amenda pentru persoane fizice este de la 5.000 la 10.000 lei, iar pentru persoane juridice de la&nbsp;<strong>30.000<\/strong>&nbsp;la&nbsp;<strong>60.000<\/strong>&nbsp;lei.<\/li><li>Pentru nerespectarea prevederilor&nbsp;<a rel=\"noreferrer noopener\" href=\"https:\/\/stratos.ro\/autorizatii-de-mediu\/\" target=\"_blank\">autoriza\u021biei de mediu\/autoriza\u021biei integrate de mediu<\/a>&nbsp;de c\u0103tre persoanele fizice si juridice pentru activit\u0103\u021bile care fac obiectul procedurilor de reglementare din punct de vedere al protec\u021biei mediului. \u00cen aceste cazuri, amenda pentru persoane fizice este de la 5.000 la 10.000 lei, iar pentru persoane juridice de la&nbsp;<strong>30.000<\/strong>&nbsp;la&nbsp;<strong>60.000<\/strong> lei.<\/li><li>Pentru nerespectarea obliga\u021biei titularului de a notifica autoritatea competent\u0103 pentru protec\u021bia mediului, c\u00e2nd intervin elemente noi, necunoscute la data emiterii actelor de reglementare sau cu privire la orice modificare a condi\u021biilor care au stat la baza emiterii acestora, \u00eenainte de realizarea modific\u0103rii. \u00cen aceste cazuri, amenda pentru persoane fizice este de la 5.000 la 10.000 lei, iar pentru persoane juridice de la&nbsp;<strong>30.000<\/strong>&nbsp;la&nbsp;<strong>60.000<\/strong> lei.<\/li><li>Pentru nerespectarea de c\u0103tre titularii activit\u0103\u021bilor care fac obiectul procedurilor de reglementare, din punct de vedere al protec\u021biei mediului, de a respecta termenele impuse de autoritatea competent\u0103 de protec\u021bia mediului, \u00een derularea acestor proceduri. Amenda este cuprins\u0103 \u00eentre 7.500 \u0219i 15.000 lei pentru persoane fizice, \u0219i \u00eentre&nbsp;<strong>50.000<\/strong>&nbsp;\u0219i&nbsp;<strong>100.000<\/strong>&nbsp;lei pentru persoane juridice.<\/li><li>Pentru poluarea accidental\u0103 datorit\u0103 nesupravegherii execut\u0103rii lucr\u0103rilor noi, func\u021bion\u0103rii instala\u021biilor, echipamentelor tehnologice \u0219i de tratare \u0219i neutralizare, men\u021bionate \u00een prevederile acordului de mediu \u0219i\/sau autoriza\u021biei\/autoriza\u021biei integrate de mediu. Amenda este cuprinsa \u00eentre 7.500 si 15.000 lei pentru persoane fizice \u0219i \u00eentre&nbsp;<strong>50.000<\/strong>&nbsp;si&nbsp;<strong>100.000<\/strong>&nbsp;lei pentru persoane juridice.<\/li><li>Pentru continuarea activit\u0103\u021bii dup\u0103 suspendarea acordului de mediu sau a autoriza\u021biei, respectiv a autoriza\u021biei integrate de mediu. Ultimele doua ac\u021biuni (pct. 5 si 6) constituie infrac\u021biuni \u0219i se pedepsesc cu&nbsp;<strong>\u00eenchisoare de la 3 luni la 1 an<\/strong>&nbsp;sau cu amend\u0103, dac\u0103 au fost de natur\u0103 s\u0103 pun\u0103 \u00een pericol via\u021ba ori s\u0103n\u0103tatea uman\u0103, animal\u0103 sau vegetal\u0103.<\/li><li>Continuarea activit\u0103\u021bii dup\u0103 suspendarea acordului de mediu sau a autoriza\u021biei\/autoriza\u021biei integrate de mediu, se sanc\u021bioneaz\u0103 cu amend\u0103 \u00eentre 50.000 lei si 100.000 de lei sau&nbsp;<strong>\u00eenchisoare de la 6 luni la 3 ani.<\/strong><\/li><\/ol>\n\n\n\n<div style=\"height:50px\" aria-hidden=\"true\" class=\"wp-block-spacer\"><\/div>\n\n\n\n<div class=\"wp-block-buttons is-layout-flex wp-block-buttons-is-layout-flex\">\n<div class=\"wp-block-button\"><a class=\"wp-block-button__link has-background\" href=\"https:\/\/green24.ro\/index.php\/servicii\/\" style=\"background-color:#439227\">Inapoi<\/a><\/div>\n<\/div>\n\n\n\n<div style=\"height:50px\" aria-hidden=\"true\" class=\"wp-block-spacer\"><\/div>\n\n\n<link rel='stylesheet' id='formidable-css' href='https:\/\/www.green24.ro\/wp-content\/plugins\/formidable\/css\/formidableforms.css?ver=4161933' type='text\/css' media='all' \/>\n<div class=\"frm_forms  with_frm_style frm_style_formidable-style\" id=\"frm_form_1_container\" >\n<form enctype=\"multipart\/form-data\" method=\"post\" class=\"frm-show-form \" id=\"form_contact-form\" >\n<div class=\"frm_form_fields \">\n<fieldset>\n<legend class=\"frm_screen_reader\">Contact Us<\/legend>\r\n\r\n<div class=\"frm_fields_container\">\n<input type=\"hidden\" name=\"frm_action\" value=\"create\" \/>\n<input type=\"hidden\" name=\"form_id\" value=\"1\" \/>\n<input type=\"hidden\" name=\"frm_hide_fields_1\" id=\"frm_hide_fields_1\" value=\"\" \/>\n<input type=\"hidden\" name=\"form_key\" value=\"contact-form\" \/>\n<input type=\"hidden\" name=\"item_meta[0]\" value=\"\" \/>\n<input type=\"hidden\" id=\"frm_submit_entry_1\" name=\"frm_submit_entry_1\" value=\"457f81691d\" \/><input type=\"hidden\" name=\"_wp_http_referer\" value=\"\/index.php\/wp-json\/wp\/v2\/pages\/236\" \/><div id=\"frm_field_20_container\" class=\"frm_form_field form-field  frm_top_container frm_two_thirds\">\r\n    <div  id=\"field_xhze1_label\" class=\"frm_primary_label\">\r\n        <span class=\"frm_required\" aria-hidden=\"true\"><\/span>\r\n    <\/div>\r\n    <fieldset aria-labelledby=\"field_xhze1_label\">\n\t<legend class=\"frm_screen_reader frm_hidden\">\n\t\t\t<\/legend>\n\n\t<div  class=\"frm_combo_inputs_container\" id=\"frm_combo_inputs_container_20\" data-name-layout=\"first_last\">\n\t\t\t\t\t<div\n\t\t\t\tid=\"frm_field_20-first_container\"\n\t\t\t\tclass=\"frm_form_field form-field frm_form_subfield-first  frm6\"\n\t\t\t\tdata-sub-field-name=\"first\"\n\t\t\t>\n\t\t\t\t<label for=\"field_xhze1_first\" class=\"frm_screen_reader frm_hidden\">\n\t\t\t\t\t\t\t\t\t<\/label>\n\n\t\t\t\t<input  type=\"text\" id=\"field_xhze1_first\" value=\"\" name=\"item_meta[20][first]\" autocomplete=\"given-name\" placeholder=\"Nume\" data-invmsg=\"This field is invalid\" aria-invalid=\"false\"  \/>\t\t\t<\/div>\n\t\t\t\t\t\t<div\n\t\t\t\tid=\"frm_field_20-last_container\"\n\t\t\t\tclass=\"frm_form_field form-field frm_form_subfield-last  frm6\"\n\t\t\t\tdata-sub-field-name=\"last\"\n\t\t\t>\n\t\t\t\t<label for=\"field_xhze1_last\" class=\"frm_screen_reader frm_hidden\">\n\t\t\t\t\t\t\t\t\t<\/label>\n\n\t\t\t\t<input  type=\"text\" id=\"field_xhze1_last\" value=\"\" name=\"item_meta[20][last]\" autocomplete=\"family-name\" placeholder=\"Prenume\" data-invmsg=\"This field is invalid\" aria-invalid=\"false\"  \/>\t\t\t<\/div>\n\t\t\t\t<\/div>\n<\/fieldset>\n\r\n    \r\n    \r\n<\/div>\n<div id=\"frm_field_3_container\" class=\"frm_form_field form-field  frm_required_field frm_top_container frm_two_thirds\">\r\n    <label for=\"field_29yf4d\" id=\"field_29yf4d_label\" class=\"frm_primary_label\">\r\n        <span class=\"frm_required\" aria-hidden=\"true\">*<\/span>\r\n    <\/label>\r\n    <input type=\"email\" id=\"field_29yf4d\" name=\"item_meta[3]\" value=\"\"  placeholder=\"E-mail\" data-reqmsg=\"This field cannot be blank.\" aria-required=\"true\" data-invmsg=\"E-mail invalid\" aria-invalid=\"false\"  \/>\r\n    \r\n    \r\n<\/div>\n<div id=\"frm_field_4_container\" class=\"frm_form_field form-field  frm_top_container frm_two_thirds\">\r\n    <label for=\"field_e6lis6\" id=\"field_e6lis6_label\" class=\"frm_primary_label\">\r\n        <span class=\"frm_required\" aria-hidden=\"true\"><\/span>\r\n    <\/label>\r\n    <input type=\"text\" id=\"field_e6lis6\" name=\"item_meta[4]\" value=\"\"  placeholder=\"Subiect\" data-invmsg=\"Subject is invalid\" aria-invalid=\"false\"  \/>\r\n    \r\n    \r\n<\/div>\n<div id=\"frm_field_5_container\" class=\"frm_form_field form-field  frm_required_field frm_top_container frm_two_thirds\">\r\n    <label for=\"field_9jv0r1\" id=\"field_9jv0r1_label\" class=\"frm_primary_label\">\r\n        <span class=\"frm_required\" aria-hidden=\"true\">*<\/span>\r\n    <\/label>\r\n    <textarea name=\"item_meta[5]\" id=\"field_9jv0r1\" rows=\"5\"  placeholder=\"Mesajul tau\" data-reqmsg=\"Continutul nu poate fi gol!\" aria-required=\"true\" data-invmsg=\"This field is invalid\" aria-invalid=\"false\"  ><\/textarea>\r\n    \r\n    \r\n<\/div>\n\t<input type=\"hidden\" name=\"item_key\" value=\"\" \/>\n\t\t\t<div id=\"frm_field_21_container\">\n\t\t\t<label for=\"field_n480x\" >\n\t\t\t\tIf you are human, leave this field blank.\t\t\t<\/label>\n\t\t\t<input  id=\"field_n480x\" type=\"text\" class=\"frm_form_field form-field frm_verify\" name=\"item_meta[21]\" value=\"\"  \/>\n\t\t<\/div>\n\t\t<input name=\"frm_state\" type=\"hidden\" value=\"k\/DoaRosQAF3tTHN5v85rX+hYHkm8oMa5GjZpsQqyuo=\" \/><div class=\"frm_submit\">\r\n\r\n<button class=\"frm_button_submit\" type=\"submit\"  >Trimite<\/button>\r\n\r\n<\/div><\/div>\n<\/fieldset>\n<\/div>\n\n<p style=\"display: none !important;\" class=\"akismet-fields-container\" data-prefix=\"ak_\"><label>&#916;<textarea name=\"ak_hp_textarea\" cols=\"45\" rows=\"8\" maxlength=\"100\"><\/textarea><\/label><input type=\"hidden\" id=\"ak_js_1\" name=\"ak_js\" value=\"132\"\/><script type=\"text\/javascript\">\n\/* <![CDATA[ *\/\ndocument.getElementById( \"ak_js_1\" ).setAttribute( \"value\", ( new Date() ).getTime() );\n\/* ]]> *\/\n<\/script>\n<\/p><\/form>\n<\/div>\n","protected":false},"excerpt":{"rendered":"<p>Ce este un Acord de Mediu? Un&nbsp;Acord de Mediu&nbsp;este un act administrativ emis de c\u0103tre Agen\u021bia Na\u021bional\u0103 de Protec\u021bia Mediului (ANPM), solicitat \u00eenainte de \u00eenceperea realiz\u0103rii unui proiect, prin care sunt stabilite condi\u021biile \u0219i, dup\u0103 caz, m\u0103surile pentru protec\u021bia mediului ce trebuie respectate \u00een cadrul proiectului respectiv. La ce folose\u0219te [&hellip;]<\/p>\n","protected":false},"author":1,"featured_media":0,"parent":49,"menu_order":0,"comment_status":"closed","ping_status":"closed","template":"","meta":{"content-type":"","footnotes":""},"class_list":["post-236","page","type-page","status-publish","hentry"],"yoast_head":"<!-- This site is optimized with the Yoast SEO plugin v24.9 - https:\/\/yoast.com\/wordpress\/plugins\/seo\/ -->\n<title>Acord de mediu - Green24.ro<\/title>\n<meta name=\"robots\" content=\"index, follow, max-snippet:-1, max-image-preview:large, max-video-preview:-1\" \/>\n<link rel=\"canonical\" href=\"https:\/\/www.green24.ro\/index.php\/servicii\/acord-de-mediu\/\" \/>\n<meta property=\"og:locale\" content=\"en_US\" \/>\n<meta property=\"og:type\" content=\"article\" \/>\n<meta property=\"og:title\" content=\"Acord de mediu - Green24.ro\" \/>\n<meta property=\"og:description\" content=\"Ce este un Acord de Mediu? Un&nbsp;Acord de Mediu&nbsp;este un act administrativ emis de c\u0103tre Agen\u021bia Na\u021bional\u0103 de Protec\u021bia Mediului (ANPM), solicitat \u00eenainte de \u00eenceperea realiz\u0103rii unui proiect, prin care sunt stabilite condi\u021biile \u0219i, dup\u0103 caz, m\u0103surile pentru protec\u021bia mediului ce trebuie respectate \u00een cadrul proiectului respectiv. La ce folose\u0219te [&hellip;]\" \/>\n<meta property=\"og:url\" content=\"https:\/\/www.green24.ro\/index.php\/servicii\/acord-de-mediu\/\" \/>\n<meta property=\"og:site_name\" content=\"Green24.ro\" \/>\n<meta property=\"article:publisher\" content=\"https:\/\/www.facebook.com\/green24ro\/\" \/>\n<meta property=\"article:modified_time\" content=\"2022-02-02T13:02:53+00:00\" \/>\n<meta property=\"og:image\" content=\"https:\/\/www.green24.ro\/wp-content\/uploads\/2022\/01\/cropped-green24-15.png\" \/>\n\t<meta property=\"og:image:width\" content=\"1080\" \/>\n\t<meta property=\"og:image:height\" content=\"1080\" \/>\n\t<meta property=\"og:image:type\" content=\"image\/png\" \/>\n<meta name=\"twitter:card\" content=\"summary_large_image\" \/>\n<meta name=\"twitter:label1\" content=\"Est. reading time\" \/>\n\t<meta name=\"twitter:data1\" content=\"3 minutes\" \/>\n<script type=\"application\/ld+json\" class=\"yoast-schema-graph\">{\"@context\":\"https:\/\/schema.org\",\"@graph\":[{\"@type\":\"WebPage\",\"@id\":\"https:\/\/www.green24.ro\/index.php\/servicii\/acord-de-mediu\/\",\"url\":\"https:\/\/www.green24.ro\/index.php\/servicii\/acord-de-mediu\/\",\"name\":\"Acord de mediu - Green24.ro\",\"isPartOf\":{\"@id\":\"https:\/\/www.green24.ro\/#website\"},\"datePublished\":\"2022-01-17T19:14:31+00:00\",\"dateModified\":\"2022-02-02T13:02:53+00:00\",\"breadcrumb\":{\"@id\":\"https:\/\/www.green24.ro\/index.php\/servicii\/acord-de-mediu\/#breadcrumb\"},\"inLanguage\":\"en-US\",\"potentialAction\":[{\"@type\":\"ReadAction\",\"target\":[\"https:\/\/www.green24.ro\/index.php\/servicii\/acord-de-mediu\/\"]}]},{\"@type\":\"BreadcrumbList\",\"@id\":\"https:\/\/www.green24.ro\/index.php\/servicii\/acord-de-mediu\/#breadcrumb\",\"itemListElement\":[{\"@type\":\"ListItem\",\"position\":1,\"name\":\"Home\",\"item\":\"https:\/\/www.green24.ro\/\"},{\"@type\":\"ListItem\",\"position\":2,\"name\":\"Servicii\",\"item\":\"https:\/\/www.green24.ro\/index.php\/servicii\/\"},{\"@type\":\"ListItem\",\"position\":3,\"name\":\"Acord de mediu\"}]},{\"@type\":\"WebSite\",\"@id\":\"https:\/\/www.green24.ro\/#website\",\"url\":\"https:\/\/www.green24.ro\/\",\"name\":\"Green24.ro\",\"description\":\"Antreprenoriat verde si responsabilitatea social\u0103\",\"publisher\":{\"@id\":\"https:\/\/www.green24.ro\/#organization\"},\"potentialAction\":[{\"@type\":\"SearchAction\",\"target\":{\"@type\":\"EntryPoint\",\"urlTemplate\":\"https:\/\/www.green24.ro\/?s={search_term_string}\"},\"query-input\":{\"@type\":\"PropertyValueSpecification\",\"valueRequired\":true,\"valueName\":\"search_term_string\"}}],\"inLanguage\":\"en-US\"},{\"@type\":\"Organization\",\"@id\":\"https:\/\/www.green24.ro\/#organization\",\"name\":\"Green24\",\"url\":\"https:\/\/www.green24.ro\/\",\"logo\":{\"@type\":\"ImageObject\",\"inLanguage\":\"en-US\",\"@id\":\"https:\/\/www.green24.ro\/#\/schema\/logo\/image\/\",\"url\":\"https:\/\/www.green24.ro\/wp-content\/uploads\/2022\/02\/green24-17-e1643806452346.png\",\"contentUrl\":\"https:\/\/www.green24.ro\/wp-content\/uploads\/2022\/02\/green24-17-e1643806452346.png\",\"width\":174,\"height\":174,\"caption\":\"Green24\"},\"image\":{\"@id\":\"https:\/\/www.green24.ro\/#\/schema\/logo\/image\/\"},\"sameAs\":[\"https:\/\/www.facebook.com\/green24ro\/\"]}]}<\/script>\n<!-- \/ Yoast SEO plugin. -->","yoast_head_json":{"title":"Acord de mediu - Green24.ro","robots":{"index":"index","follow":"follow","max-snippet":"max-snippet:-1","max-image-preview":"max-image-preview:large","max-video-preview":"max-video-preview:-1"},"canonical":"https:\/\/www.green24.ro\/index.php\/servicii\/acord-de-mediu\/","og_locale":"en_US","og_type":"article","og_title":"Acord de mediu - Green24.ro","og_description":"Ce este un Acord de Mediu? Un&nbsp;Acord de Mediu&nbsp;este un act administrativ emis de c\u0103tre Agen\u021bia Na\u021bional\u0103 de Protec\u021bia Mediului (ANPM), solicitat \u00eenainte de \u00eenceperea realiz\u0103rii unui proiect, prin care sunt stabilite condi\u021biile \u0219i, dup\u0103 caz, m\u0103surile pentru protec\u021bia mediului ce trebuie respectate \u00een cadrul proiectului respectiv. La ce folose\u0219te [&hellip;]","og_url":"https:\/\/www.green24.ro\/index.php\/servicii\/acord-de-mediu\/","og_site_name":"Green24.ro","article_publisher":"https:\/\/www.facebook.com\/green24ro\/","article_modified_time":"2022-02-02T13:02:53+00:00","og_image":[{"width":1080,"height":1080,"url":"https:\/\/www.green24.ro\/wp-content\/uploads\/2022\/01\/cropped-green24-15.png","type":"image\/png"}],"twitter_card":"summary_large_image","twitter_misc":{"Est. reading time":"3 minutes"},"schema":{"@context":"https:\/\/schema.org","@graph":[{"@type":"WebPage","@id":"https:\/\/www.green24.ro\/index.php\/servicii\/acord-de-mediu\/","url":"https:\/\/www.green24.ro\/index.php\/servicii\/acord-de-mediu\/","name":"Acord de mediu - Green24.ro","isPartOf":{"@id":"https:\/\/www.green24.ro\/#website"},"datePublished":"2022-01-17T19:14:31+00:00","dateModified":"2022-02-02T13:02:53+00:00","breadcrumb":{"@id":"https:\/\/www.green24.ro\/index.php\/servicii\/acord-de-mediu\/#breadcrumb"},"inLanguage":"en-US","potentialAction":[{"@type":"ReadAction","target":["https:\/\/www.green24.ro\/index.php\/servicii\/acord-de-mediu\/"]}]},{"@type":"BreadcrumbList","@id":"https:\/\/www.green24.ro\/index.php\/servicii\/acord-de-mediu\/#breadcrumb","itemListElement":[{"@type":"ListItem","position":1,"name":"Home","item":"https:\/\/www.green24.ro\/"},{"@type":"ListItem","position":2,"name":"Servicii","item":"https:\/\/www.green24.ro\/index.php\/servicii\/"},{"@type":"ListItem","position":3,"name":"Acord de mediu"}]},{"@type":"WebSite","@id":"https:\/\/www.green24.ro\/#website","url":"https:\/\/www.green24.ro\/","name":"Green24.ro","description":"Antreprenoriat verde si responsabilitatea social\u0103","publisher":{"@id":"https:\/\/www.green24.ro\/#organization"},"potentialAction":[{"@type":"SearchAction","target":{"@type":"EntryPoint","urlTemplate":"https:\/\/www.green24.ro\/?s={search_term_string}"},"query-input":{"@type":"PropertyValueSpecification","valueRequired":true,"valueName":"search_term_string"}}],"inLanguage":"en-US"},{"@type":"Organization","@id":"https:\/\/www.green24.ro\/#organization","name":"Green24","url":"https:\/\/www.green24.ro\/","logo":{"@type":"ImageObject","inLanguage":"en-US","@id":"https:\/\/www.green24.ro\/#\/schema\/logo\/image\/","url":"https:\/\/www.green24.ro\/wp-content\/uploads\/2022\/02\/green24-17-e1643806452346.png","contentUrl":"https:\/\/www.green24.ro\/wp-content\/uploads\/2022\/02\/green24-17-e1643806452346.png","width":174,"height":174,"caption":"Green24"},"image":{"@id":"https:\/\/www.green24.ro\/#\/schema\/logo\/image\/"},"sameAs":["https:\/\/www.facebook.com\/green24ro\/"]}]}},"jetpack_sharing_enabled":true,"_links":{"self":[{"href":"https:\/\/www.green24.ro\/index.php\/wp-json\/wp\/v2\/pages\/236","targetHints":{"allow":["GET"]}}],"collection":[{"href":"https:\/\/www.green24.ro\/index.php\/wp-json\/wp\/v2\/pages"}],"about":[{"href":"https:\/\/www.green24.ro\/index.php\/wp-json\/wp\/v2\/types\/page"}],"author":[{"embeddable":true,"href":"https:\/\/www.green24.ro\/index.php\/wp-json\/wp\/v2\/users\/1"}],"replies":[{"embeddable":true,"href":"https:\/\/www.green24.ro\/index.php\/wp-json\/wp\/v2\/comments?post=236"}],"version-history":[{"count":10,"href":"https:\/\/www.green24.ro\/index.php\/wp-json\/wp\/v2\/pages\/236\/revisions"}],"predecessor-version":[{"id":715,"href":"https:\/\/www.green24.ro\/index.php\/wp-json\/wp\/v2\/pages\/236\/revisions\/715"}],"up":[{"embeddable":true,"href":"https:\/\/www.green24.ro\/index.php\/wp-json\/wp\/v2\/pages\/49"}],"wp:attachment":[{"href":"https:\/\/www.green24.ro\/index.php\/wp-json\/wp\/v2\/media?parent=236"}],"curies":[{"name":"wp","href":"https:\/\/api.w.org\/{rel}","templated":true}]}}